{"id":135,"date":"2023-10-10T19:41:03","date_gmt":"2023-10-10T19:41:03","guid":{"rendered":"http:\/\/abisphere.com\/?page_id=135"},"modified":"2023-10-19T16:00:23","modified_gmt":"2023-10-19T16:00:23","slug":"quienes-somos","status":"publish","type":"page","link":"https:\/\/abisphere.com\/?page_id=135","title":{"rendered":"\u00bfQui\u00e9nes somos?"},"content":{"rendered":"\n<p><\/p>\n\n\n\n<div class=\"wp-block-media-text alignwide is-stacked-on-mobile\" style=\"grid-template-columns:40% auto\"><figure class=\"wp-block-media-text__media\"><img decoding=\"async\" loading=\"lazy\" width=\"730\" height=\"487\" src=\"http:\/\/abisphere.com\/wp-content\/uploads\/2023\/10\/quienes.jpeg\" alt=\"\" class=\"wp-image-136 size-full\" srcset=\"https:\/\/abisphere.com\/wp-content\/uploads\/2023\/10\/quienes.jpeg 730w, https:\/\/abisphere.com\/wp-content\/uploads\/2023\/10\/quienes-300x200.jpeg 300w\" sizes=\"(max-width: 730px) 100vw, 730px\" \/><\/figure><div class=\"wp-block-media-text__content\">\n<p class=\"has-text-align-left\">Pertenecemos a un Grupo Empresarial que se enfoca en brindar soluciones tecnol\u00f3gicas con base en las necesidades de nuestros clientes, dentro de Abisphere contamos con un equipo multidisciplinario que nos permite atender las solicitudes y requerimientos a trav\u00e9s del uso de metodolog\u00edas apegadas a marcos de referencia internacionales y utilizando herramientas de la m\u00e1s alta calidad y tecnolog\u00eda.<\/p>\n<\/div><\/div>\n\n\n\n<p><\/p>\n\n\n\n<hr class=\"wp-block-separator has-alpha-channel-opacity\"\/>\n\n\n\n<h2 class=\"wp-block-heading\">Misi\u00f3n<\/h2>\n\n\n\n<p>Ser una empresa l\u00edder en el mercado de tecnolog\u00edas de la informaci\u00f3n, mediante el aprovisionamiento de software y hardware, as\u00ed como de los mejores servicios que permitan a nuestros clientes solventar sus necesidades.<\/p>\n\n\n\n<p><\/p>\n\n\n\n<p><\/p>\n\n\n\n<h2 class=\"wp-block-heading\">Visi\u00f3n<\/h2>\n\n\n\n<ul>\n<li>Ofrecer nuestros productos y servicios en los diferentes sectores productivos (financiero, gobierno, retail, farma, etc\u00e9tera)<\/li>\n\n\n\n<li>Consolidarnos como punto de referencia en arquitecturas y soluciones de tecnolog\u00eda de la informaci\u00f3n<\/li>\n\n\n\n<li>Ser visualizados como un aliado estrat\u00e9gico en la definici\u00f3n de tareas entorno a la aplicaci\u00f3n de marcos normativos y de mejores pr\u00e1cticas con la finalidad de ayudar a nuestros clientes<\/li>\n<\/ul>\n\n\n\n<p><\/p>\n\n\n\n<h2 class=\"wp-block-heading has-text-align-center\">Valores<\/h2>\n\n\n\n<div class=\"wp-block-group alignwide is-vertical is-content-justification-center is-layout-flex wp-container-1 wp-block-group-is-layout-flex\">\n<p class=\"has-text-align-right\">\u00b0 Responsabilidad<\/p>\n\n\n\n<p>\u00b0 Honestidad<\/p>\n\n\n\n<p>\u00b0 Confianza <\/p>\n\n\n\n<p>\u00b0 Compromiso<\/p>\n\n\n\n<p>\u00b0 Eficiencia<\/p>\n\n\n\n<p>\u00b0 Profesionalismo<\/p>\n<\/div>\n","protected":false},"excerpt":{"rendered":"<p>Pertenecemos a un Grupo Empresarial que se enfoca en brindar soluciones tecnol\u00f3gicas con base en las necesidades de nuestros clientes, dentro de Abisphere contamos con un equipo multidisciplinario que nos permite atender las solicitudes y requerimientos a trav\u00e9s del uso de metodolog\u00edas apegadas a marcos de referencia internacionales y utilizando herramientas de la m\u00e1s alta [&hellip;]<\/p>\n","protected":false},"author":1,"featured_media":0,"parent":0,"menu_order":0,"comment_status":"closed","ping_status":"closed","template":"","meta":{"footnotes":""},"_links":{"self":[{"href":"https:\/\/abisphere.com\/index.php?rest_route=\/wp\/v2\/pages\/135"}],"collection":[{"href":"https:\/\/abisphere.com\/index.php?rest_route=\/wp\/v2\/pages"}],"about":[{"href":"https:\/\/abisphere.com\/index.php?rest_route=\/wp\/v2\/types\/page"}],"author":[{"embeddable":true,"href":"https:\/\/abisphere.com\/index.php?rest_route=\/wp\/v2\/users\/1"}],"replies":[{"embeddable":true,"href":"https:\/\/abisphere.com\/index.php?rest_route=%2Fwp%2Fv2%2Fcomments&post=135"}],"version-history":[{"count":7,"href":"https:\/\/abisphere.com\/index.php?rest_route=\/wp\/v2\/pages\/135\/revisions"}],"predecessor-version":[{"id":209,"href":"https:\/\/abisphere.com\/index.php?rest_route=\/wp\/v2\/pages\/135\/revisions\/209"}],"wp:attachment":[{"href":"https:\/\/abisphere.com\/index.php?rest_route=%2Fwp%2Fv2%2Fmedia&parent=135"}],"curies":[{"name":"wp","href":"https:\/\/api.w.org\/{rel}","templated":true}]}}