{"id":158,"date":"2023-10-10T20:18:17","date_gmt":"2023-10-10T20:18:17","guid":{"rendered":"http:\/\/abisphere.com\/?page_id=158"},"modified":"2023-10-19T17:08:34","modified_gmt":"2023-10-19T17:08:34","slug":"certificaciones","status":"publish","type":"page","link":"https:\/\/abisphere.com\/?page_id=158","title":{"rendered":"CERTIFICACIONES"},"content":{"rendered":"\n<hr class=\"wp-block-separator has-alpha-channel-opacity\"\/>\n\n\n\n<div class=\"wp-block-media-text alignwide is-stacked-on-mobile\" style=\"grid-template-columns:41% auto\"><figure class=\"wp-block-media-text__media\"><img decoding=\"async\" loading=\"lazy\" width=\"750\" height=\"500\" src=\"http:\/\/abisphere.com\/wp-content\/uploads\/2023\/10\/iso.jpg\" alt=\"\" class=\"wp-image-169 size-full\" srcset=\"https:\/\/abisphere.com\/wp-content\/uploads\/2023\/10\/iso.jpg 750w, https:\/\/abisphere.com\/wp-content\/uploads\/2023\/10\/iso-300x200.jpg 300w\" sizes=\"(max-width: 750px) 100vw, 750px\" \/><\/figure><div class=\"wp-block-media-text__content\">\n<p class=\"has-text-align-center\"><strong>ISO<\/strong><\/p>\n\n\n\n<p>Internacional Organization for Standardization es la&nbsp;<strong>Organizaci\u00f3n Internacional de Normalizaci\u00f3n<\/strong>, cuya principal actividad es la elaboraci\u00f3n de normas t\u00e9cnicas internacionales.<\/p>\n<\/div><\/div>\n\n\n\n<hr class=\"wp-block-separator has-alpha-channel-opacity\"\/>\n\n\n\n<div class=\"wp-block-media-text alignwide has-media-on-the-right is-stacked-on-mobile\" style=\"grid-template-columns:auto 33%\"><div class=\"wp-block-media-text__content\">\n<p class=\"has-text-align-center\"><strong>ISO\/IEC 27000<\/strong>&nbsp;<\/p>\n\n\n\n<p>Es parte de una familia en crecimiento de est\u00e1ndares sobre Sistemas de Gesti\u00f3n de la Seguridad de la Informaci\u00f3n (SGSI) de ISO\/IEC, el\u00a0ISO 27000 series. ISO\/IEC 27000 es un grupo de est\u00e1ndares internacionales titulados: Tecnolog\u00eda de la Informaci\u00f3n &#8211; T\u00e9cnicas de Seguridad &#8211; Sistemas de Gesti\u00f3n de la Seguridad de la Informaci\u00f3n &#8211; Visi\u00f3n de conjunto y vocabulario. Tiene como fin ayudar a organizaciones de todo tipo y tama\u00f1o a implementar y operar un Sistema de Gesti\u00f3n de la Seguridad de la Informaci\u00f3n (SGSI).<\/p>\n<\/div><figure class=\"wp-block-media-text__media\"><img decoding=\"async\" loading=\"lazy\" width=\"595\" height=\"410\" src=\"http:\/\/abisphere.com\/wp-content\/uploads\/2023\/10\/27-removebg-preview.png\" alt=\"\" class=\"wp-image-217 size-full\" srcset=\"https:\/\/abisphere.com\/wp-content\/uploads\/2023\/10\/27-removebg-preview.png 595w, https:\/\/abisphere.com\/wp-content\/uploads\/2023\/10\/27-removebg-preview-300x207.png 300w\" sizes=\"(max-width: 595px) 100vw, 595px\" \/><\/figure><\/div>\n\n\n\n<hr class=\"wp-block-separator has-alpha-channel-opacity\"\/>\n\n\n\n<div class=\"wp-block-media-text alignwide is-stacked-on-mobile\" style=\"grid-template-columns:31% auto\"><figure class=\"wp-block-media-text__media\"><img decoding=\"async\" loading=\"lazy\" width=\"327\" height=\"347\" src=\"http:\/\/abisphere.com\/wp-content\/uploads\/2023\/10\/27-22-removebg-preview.png\" alt=\"\" class=\"wp-image-218 size-full\" srcset=\"https:\/\/abisphere.com\/wp-content\/uploads\/2023\/10\/27-22-removebg-preview.png 327w, https:\/\/abisphere.com\/wp-content\/uploads\/2023\/10\/27-22-removebg-preview-283x300.png 283w\" sizes=\"(max-width: 327px) 100vw, 327px\" \/><\/figure><div class=\"wp-block-media-text__content\">\n<p class=\"has-text-align-center\"><strong>ISO\/IEC 27001:2022<\/strong><\/p>\n\n\n\n<p class=\"has-text-align-left\">Es un est\u00e1ndar para la&nbsp;seguridad de la informaci\u00f3n&nbsp;(<em>Information technology &#8211; Security techniques &#8211; Information security management systems &#8211; Requirements<\/em>) aprobado y publicado como est\u00e1ndar internacional en octubre de 2005 por la&nbsp;International Organization for Standardization&nbsp;y por la&nbsp;International Electrotechnical Commission.\u200b<\/p>\n\n\n\n<p>Especifica los requisitos necesarios para establecer, implantar, mantener y mejorar un&nbsp;sistema de gesti\u00f3n de la seguridad de la informaci\u00f3n&nbsp;seg\u00fan el&nbsp;Ciclo de Deming, o ciclo PHVA (acr\u00f3nimo de Planificar, Hacer, Verificar, Actuar).<\/p>\n<\/div><\/div>\n","protected":false},"excerpt":{"rendered":"<p>ISO Internacional Organization for Standardization es la&nbsp;Organizaci\u00f3n Internacional de Normalizaci\u00f3n, cuya principal actividad es la elaboraci\u00f3n de normas t\u00e9cnicas internacionales. ISO\/IEC 27000&nbsp; Es parte de una familia en crecimiento de est\u00e1ndares sobre Sistemas de Gesti\u00f3n de la Seguridad de la Informaci\u00f3n (SGSI) de ISO\/IEC, el\u00a0ISO 27000 series. ISO\/IEC 27000 es un grupo de est\u00e1ndares internacionales [&hellip;]<\/p>\n","protected":false},"author":1,"featured_media":0,"parent":0,"menu_order":0,"comment_status":"closed","ping_status":"closed","template":"","meta":{"footnotes":""},"_links":{"self":[{"href":"https:\/\/abisphere.com\/index.php?rest_route=\/wp\/v2\/pages\/158"}],"collection":[{"href":"https:\/\/abisphere.com\/index.php?rest_route=\/wp\/v2\/pages"}],"about":[{"href":"https:\/\/abisphere.com\/index.php?rest_route=\/wp\/v2\/types\/page"}],"author":[{"embeddable":true,"href":"https:\/\/abisphere.com\/index.php?rest_route=\/wp\/v2\/users\/1"}],"replies":[{"embeddable":true,"href":"https:\/\/abisphere.com\/index.php?rest_route=%2Fwp%2Fv2%2Fcomments&post=158"}],"version-history":[{"count":5,"href":"https:\/\/abisphere.com\/index.php?rest_route=\/wp\/v2\/pages\/158\/revisions"}],"predecessor-version":[{"id":219,"href":"https:\/\/abisphere.com\/index.php?rest_route=\/wp\/v2\/pages\/158\/revisions\/219"}],"wp:attachment":[{"href":"https:\/\/abisphere.com\/index.php?rest_route=%2Fwp%2Fv2%2Fmedia&parent=158"}],"curies":[{"name":"wp","href":"https:\/\/api.w.org\/{rel}","templated":true}]}}